{"id":16,"date":"2025-07-08T13:46:50","date_gmt":"2025-07-08T13:46:50","guid":{"rendered":"https:\/\/intocon.fi\/?page_id=16"},"modified":"2025-10-29T08:45:43","modified_gmt":"2025-10-29T06:45:43","slug":"majoitus-yrityksille","status":"publish","type":"page","link":"http:\/\/intocon.fi\/index.php\/majoitus-yrityksille\/","title":{"rendered":"Majoitus yrityksille"},"content":{"rendered":"\n<p><strong>Yritysasiakkaan viihtyis\u00e4 majoitus Pyh\u00e4nn\u00e4ll\u00e4<\/strong><\/p>\n\n\n\n<p>Rantatupa tarjoaa yritysasiakkaalle rauhallisen ja viihtyis\u00e4n majoituksen Pyh\u00e4nn\u00e4n keskustassa j\u00e4rven rannalla. Majoitus sopii niin yksitt\u00e4isille ty\u00f6matkalaisille kuin useamman viikon tai kuukauden mittaisille projekteille. Tutustu Rantakupaan <a href=\"https:\/\/intocon.fi\/index.php\/kuvia\/\">kuvien<\/a> avulla.<\/p>\n\n\n\n<h3 class=\"wp-block-heading\">\ud83c\udfe8 Erona hotellimajoitukseen:<\/h3>\n\n\n\n<ul class=\"wp-block-list\">\n<li><strong>Enemm\u00e4n tilaa<\/strong> kuin perinteisess\u00e4 hotellihuoneessa<\/li>\n\n\n\n<li>Oma <strong>sauna<\/strong> ja <strong>terassi j\u00e4rvin\u00e4kym\u00e4ll\u00e4<\/strong><\/li>\n\n\n\n<li>Mahdollisuus valmistaa ruokaa t\u00e4ysin varustellussa keitti\u00f6ss\u00e4<\/li>\n\n\n\n<li>Kustannustehokkaampi vaihtoehto etenkin pidemmill\u00e4 majoituksilla<\/li>\n<\/ul>\n\n\n\n<h3 class=\"wp-block-heading\">\ud83c\udfe1 Erona m\u00f6kkimajoitukseen:<\/h3>\n\n\n\n<ul class=\"wp-block-list\">\n<li>Helppo tulla ja l\u00e4hte\u00e4 \u2013 liinavaatteet odottavat valmiina ja loppusiivous sis\u00e4ltyy hintaan<\/li>\n\n\n\n<li>Hyv\u00e4 sijainti \u2013 Pyh\u00e4nn\u00e4n keskustan palvelut l\u00e4hell\u00e4 ja silti j\u00e4rven rannalla<\/li>\n<\/ul>\n\n\n\n<hr class=\"wp-block-separator has-alpha-channel-opacity\"\/>\n\n\n\n<h3 class=\"wp-block-heading\">\ud83d\udcc5 Pidempiaikaiset majoitukset ja projektit<\/h3>\n\n\n\n<p>Jos kyseess\u00e4 on esimerkiksi useamman viikon tai kuukauden mittainen ty\u00f6projekti Pyh\u00e4nn\u00e4ll\u00e4 tai l\u00e4hialueilla, kannattaa pyyt\u00e4\u00e4 erillinen tarjous pidemp\u00e4\u00e4n majoittumiseen.<\/p>\n\n\n\n<p><strong>Henkil\u00f6st\u00f6 voi vaihtua joustavasti projektin aikana:<\/strong><br>\ud83d\udd39 Huolehdimme tarvittaessa v\u00e4lisiivouksista ja puhtaista liinavaatteista vaihtojen yhteydess\u00e4.<br>\ud83d\udd39 Ty\u00f6ntekij\u00f6iden henkil\u00f6kohtaisia tavaroita voidaan j\u00e4tt\u00e4\u00e4 s\u00e4ilytykseen Rantatuvalle jaksojen v\u00e4liss\u00e4, mik\u00e4 helpottaa arkea ja logistiikkaa.<\/p>\n\n\n\n<hr class=\"wp-block-separator has-alpha-channel-opacity\"\/>\n\n\n\n<p><strong><a href=\"https:\/\/intocon.fi\/index.php\/ota-yhteytta\/\">Ota yhteytt\u00e4<\/a><\/strong> <strong> \u2013<\/strong> <strong>Kysy rohkeasti tarjousta ja varaa Rantatupa yrityksesi k\u00e4ytt\u00f6\u00f6n \u2013 soita 044-2552388, laita s\u00e4hk\u00f6postia joel.tolli@intocon.fi tai kirjoita viesti alle:<\/strong><\/p>\n\n\n\n<div class=\"wpcf7 no-js\" id=\"wpcf7-f33-o1\" lang=\"fi\" dir=\"ltr\" data-wpcf7-id=\"33\">\n<div class=\"screen-reader-response\"><p role=\"status\" aria-live=\"polite\" aria-atomic=\"true\"><\/p> <ul><\/ul><\/div>\n<form action=\"\/index.php\/wp-json\/wp\/v2\/pages\/16#wpcf7-f33-o1\" method=\"post\" class=\"wpcf7-form init\" aria-label=\"Yhteydenottolomake\" novalidate=\"novalidate\" data-status=\"init\">\n<fieldset class=\"hidden-fields-container\"><input type=\"hidden\" name=\"_wpcf7\" value=\"33\" \/><input type=\"hidden\" name=\"_wpcf7_version\" value=\"6.1.5\" \/><input type=\"hidden\" name=\"_wpcf7_locale\" value=\"fi\" \/><input type=\"hidden\" name=\"_wpcf7_unit_tag\" value=\"wpcf7-f33-o1\" \/><input type=\"hidden\" name=\"_wpcf7_container_post\" value=\"0\" \/><input type=\"hidden\" name=\"_wpcf7_posted_data_hash\" value=\"\" \/>\n<\/fieldset>\n<p><label> Nimesi<br \/>\n<span class=\"wpcf7-form-control-wrap\" data-name=\"your-name\"><input size=\"40\" maxlength=\"400\" class=\"wpcf7-form-control wpcf7-text wpcf7-validates-as-required\" autocomplete=\"name\" aria-required=\"true\" aria-invalid=\"false\" value=\"\" type=\"text\" name=\"your-name\" \/><\/span> <\/label>\n<\/p>\n<p><label> S\u00e4hk\u00f6postiosoitteesi<br \/>\n<span class=\"wpcf7-form-control-wrap\" data-name=\"your-email\"><input size=\"40\" maxlength=\"400\" class=\"wpcf7-form-control wpcf7-email wpcf7-validates-as-required wpcf7-text wpcf7-validates-as-email\" autocomplete=\"email\" aria-required=\"true\" aria-invalid=\"false\" value=\"\" type=\"email\" name=\"your-email\" \/><\/span> <\/label>\n<\/p>\n<p><label> Aihe<br \/>\n<span class=\"wpcf7-form-control-wrap\" data-name=\"your-subject\"><input size=\"40\" maxlength=\"400\" class=\"wpcf7-form-control wpcf7-text wpcf7-validates-as-required\" aria-required=\"true\" aria-invalid=\"false\" value=\"\" type=\"text\" name=\"your-subject\" \/><\/span> <\/label>\n<\/p>\n<p><label> Viestisi (valinnainen)<br \/>\n<span class=\"wpcf7-form-control-wrap\" data-name=\"your-message\"><textarea cols=\"40\" rows=\"10\" maxlength=\"2000\" class=\"wpcf7-form-control wpcf7-textarea\" aria-invalid=\"false\" name=\"your-message\"><\/textarea><\/span> <\/label>\n<\/p>\n<p><input class=\"wpcf7-form-control wpcf7-submit has-spinner\" type=\"submit\" value=\"L\u00e4het\u00e4\" \/>\n<\/p><div class=\"wpcf7-response-output\" aria-hidden=\"true\"><\/div>\n<\/form>\n<\/div>\n\n\n\n\n<p><\/p>\n","protected":false},"excerpt":{"rendered":"<p>Yritysasiakkaan viihtyis\u00e4 majoitus Pyh\u00e4nn\u00e4ll\u00e4 Rantatupa tarjoaa yritysasiakkaalle rauhallisen ja viihtyis\u00e4n majoituksen Pyh\u00e4nn\u00e4n keskustassa j\u00e4rven rannalla. Majoitus sopii niin yksitt\u00e4isille ty\u00f6matkalaisille kuin useamman viikon tai kuukauden mittaisille projekteille. Tutustu Rantakupaan kuvien avulla. \ud83c\udfe8 Erona hotellimajoitukseen: \ud83c\udfe1 Erona m\u00f6kkimajoitukseen: \ud83d\udcc5 Pidempiaikaiset majoitukset ja projektit Jos kyseess\u00e4 on esimerkiksi useamman viikon tai kuukauden mittainen ty\u00f6projekti Pyh\u00e4nn\u00e4ll\u00e4 tai l\u00e4hialueilla,&#8230;<\/p>\n","protected":false},"author":1,"featured_media":0,"parent":0,"menu_order":0,"comment_status":"closed","ping_status":"closed","template":"","meta":{"_kad_post_transparent":"","_kad_post_title":"","_kad_post_layout":"","_kad_post_sidebar_id":"","_kad_post_content_style":"","_kad_post_vertical_padding":"","_kad_post_feature":"","_kad_post_feature_position":"","_kad_post_header":false,"_kad_post_footer":false,"_kad_post_classname":"","footnotes":""},"class_list":["post-16","page","type-page","status-publish","hentry"],"yoast_head":"<!-- This site is optimized with the Yoast SEO plugin v27.5 - https:\/\/yoast.com\/product\/yoast-seo-wordpress\/ -->\n<title>Majoitus yrityksille - Rantatupa | Majoitusta Pyh&auml;nn&auml;ll&auml;<\/title>\n<meta name=\"description\" content=\"Yrityksille majoitus, jossa yhdistyv\u00e4t helppous ja kustannustehokkuus. Kysy tarjous pidemp\u00e4\u00e4n ty\u00f6projektiin tai vaihtuville ty\u00f6ntekij\u00f6ille.\" \/>\n<meta name=\"robots\" content=\"index, follow, max-snippet:-1, max-image-preview:large, max-video-preview:-1\" \/>\n<link rel=\"canonical\" href=\"http:\/\/intocon.fi\/index.php\/majoitus-yrityksille\/\" \/>\n<meta property=\"og:locale\" content=\"fi_FI\" \/>\n<meta property=\"og:type\" content=\"article\" \/>\n<meta property=\"og:title\" content=\"Majoitus yrityksille - Rantatupa | Majoitusta Pyh&auml;nn&auml;ll&auml;\" \/>\n<meta property=\"og:description\" content=\"Yrityksille majoitus, jossa yhdistyv\u00e4t helppous ja kustannustehokkuus. Kysy tarjous pidemp\u00e4\u00e4n ty\u00f6projektiin tai vaihtuville ty\u00f6ntekij\u00f6ille.\" \/>\n<meta property=\"og:url\" content=\"http:\/\/intocon.fi\/index.php\/majoitus-yrityksille\/\" \/>\n<meta property=\"og:site_name\" content=\"Rantatupa | Majoitusta Pyh&auml;nn&auml;ll&auml;\" \/>\n<meta property=\"article:modified_time\" content=\"2025-10-29T06:45:43+00:00\" \/>\n<meta name=\"twitter:card\" content=\"summary_large_image\" \/>\n<meta name=\"twitter:label1\" content=\"Arvioitu lukuaika\" \/>\n\t<meta name=\"twitter:data1\" content=\"1 minuutti\" \/>\n<script type=\"application\/ld+json\" class=\"yoast-schema-graph\">{\"@context\":\"https:\\\/\\\/schema.org\",\"@graph\":[{\"@type\":\"WebPage\",\"@id\":\"http:\\\/\\\/intocon.fi\\\/index.php\\\/majoitus-yrityksille\\\/\",\"url\":\"http:\\\/\\\/intocon.fi\\\/index.php\\\/majoitus-yrityksille\\\/\",\"name\":\"Majoitus yrityksille - Rantatupa | Majoitusta Pyh&auml;nn&auml;ll&auml;\",\"isPartOf\":{\"@id\":\"https:\\\/\\\/intocon.fi\\\/#website\"},\"datePublished\":\"2025-07-08T13:46:50+00:00\",\"dateModified\":\"2025-10-29T06:45:43+00:00\",\"description\":\"Yrityksille majoitus, jossa yhdistyv\u00e4t helppous ja kustannustehokkuus. Kysy tarjous pidemp\u00e4\u00e4n ty\u00f6projektiin tai vaihtuville ty\u00f6ntekij\u00f6ille.\",\"breadcrumb\":{\"@id\":\"http:\\\/\\\/intocon.fi\\\/index.php\\\/majoitus-yrityksille\\\/#breadcrumb\"},\"inLanguage\":\"fi\",\"potentialAction\":[{\"@type\":\"ReadAction\",\"target\":[\"http:\\\/\\\/intocon.fi\\\/index.php\\\/majoitus-yrityksille\\\/\"]}]},{\"@type\":\"BreadcrumbList\",\"@id\":\"http:\\\/\\\/intocon.fi\\\/index.php\\\/majoitus-yrityksille\\\/#breadcrumb\",\"itemListElement\":[{\"@type\":\"ListItem\",\"position\":1,\"name\":\"Etusivu\",\"item\":\"http:\\\/\\\/intocon.fi\\\/\"},{\"@type\":\"ListItem\",\"position\":2,\"name\":\"Majoitus yrityksille\"}]},{\"@type\":\"WebSite\",\"@id\":\"https:\\\/\\\/intocon.fi\\\/#website\",\"url\":\"https:\\\/\\\/intocon.fi\\\/\",\"name\":\"Rantatupa | Majoitusta Pyh\u00e4nn\u00e4ll\u00e4\",\"description\":\"Viihtyis&auml; saunallinen yksi&ouml; j&auml;rven rannalla Pyh&auml;nn&auml;n keskustassa\",\"potentialAction\":[{\"@type\":\"SearchAction\",\"target\":{\"@type\":\"EntryPoint\",\"urlTemplate\":\"https:\\\/\\\/intocon.fi\\\/?s={search_term_string}\"},\"query-input\":{\"@type\":\"PropertyValueSpecification\",\"valueRequired\":true,\"valueName\":\"search_term_string\"}}],\"inLanguage\":\"fi\"}]}<\/script>\n<!-- \/ Yoast SEO plugin. -->","yoast_head_json":{"title":"Majoitus yrityksille - Rantatupa | Majoitusta Pyh&auml;nn&auml;ll&auml;","description":"Yrityksille majoitus, jossa yhdistyv\u00e4t helppous ja kustannustehokkuus. Kysy tarjous pidemp\u00e4\u00e4n ty\u00f6projektiin tai vaihtuville ty\u00f6ntekij\u00f6ille.","robots":{"index":"index","follow":"follow","max-snippet":"max-snippet:-1","max-image-preview":"max-image-preview:large","max-video-preview":"max-video-preview:-1"},"canonical":"http:\/\/intocon.fi\/index.php\/majoitus-yrityksille\/","og_locale":"fi_FI","og_type":"article","og_title":"Majoitus yrityksille - Rantatupa | Majoitusta Pyh&auml;nn&auml;ll&auml;","og_description":"Yrityksille majoitus, jossa yhdistyv\u00e4t helppous ja kustannustehokkuus. Kysy tarjous pidemp\u00e4\u00e4n ty\u00f6projektiin tai vaihtuville ty\u00f6ntekij\u00f6ille.","og_url":"http:\/\/intocon.fi\/index.php\/majoitus-yrityksille\/","og_site_name":"Rantatupa | Majoitusta Pyh&auml;nn&auml;ll&auml;","article_modified_time":"2025-10-29T06:45:43+00:00","twitter_card":"summary_large_image","twitter_misc":{"Arvioitu lukuaika":"1 minuutti"},"schema":{"@context":"https:\/\/schema.org","@graph":[{"@type":"WebPage","@id":"http:\/\/intocon.fi\/index.php\/majoitus-yrityksille\/","url":"http:\/\/intocon.fi\/index.php\/majoitus-yrityksille\/","name":"Majoitus yrityksille - Rantatupa | Majoitusta Pyh&auml;nn&auml;ll&auml;","isPartOf":{"@id":"https:\/\/intocon.fi\/#website"},"datePublished":"2025-07-08T13:46:50+00:00","dateModified":"2025-10-29T06:45:43+00:00","description":"Yrityksille majoitus, jossa yhdistyv\u00e4t helppous ja kustannustehokkuus. Kysy tarjous pidemp\u00e4\u00e4n ty\u00f6projektiin tai vaihtuville ty\u00f6ntekij\u00f6ille.","breadcrumb":{"@id":"http:\/\/intocon.fi\/index.php\/majoitus-yrityksille\/#breadcrumb"},"inLanguage":"fi","potentialAction":[{"@type":"ReadAction","target":["http:\/\/intocon.fi\/index.php\/majoitus-yrityksille\/"]}]},{"@type":"BreadcrumbList","@id":"http:\/\/intocon.fi\/index.php\/majoitus-yrityksille\/#breadcrumb","itemListElement":[{"@type":"ListItem","position":1,"name":"Etusivu","item":"http:\/\/intocon.fi\/"},{"@type":"ListItem","position":2,"name":"Majoitus yrityksille"}]},{"@type":"WebSite","@id":"https:\/\/intocon.fi\/#website","url":"https:\/\/intocon.fi\/","name":"Rantatupa | Majoitusta Pyh\u00e4nn\u00e4ll\u00e4","description":"Viihtyis&auml; saunallinen yksi&ouml; j&auml;rven rannalla Pyh&auml;nn&auml;n keskustassa","potentialAction":[{"@type":"SearchAction","target":{"@type":"EntryPoint","urlTemplate":"https:\/\/intocon.fi\/?s={search_term_string}"},"query-input":{"@type":"PropertyValueSpecification","valueRequired":true,"valueName":"search_term_string"}}],"inLanguage":"fi"}]}},"_links":{"self":[{"href":"http:\/\/intocon.fi\/index.php\/wp-json\/wp\/v2\/pages\/16","targetHints":{"allow":["GET"]}}],"collection":[{"href":"http:\/\/intocon.fi\/index.php\/wp-json\/wp\/v2\/pages"}],"about":[{"href":"http:\/\/intocon.fi\/index.php\/wp-json\/wp\/v2\/types\/page"}],"author":[{"embeddable":true,"href":"http:\/\/intocon.fi\/index.php\/wp-json\/wp\/v2\/users\/1"}],"replies":[{"embeddable":true,"href":"http:\/\/intocon.fi\/index.php\/wp-json\/wp\/v2\/comments?post=16"}],"version-history":[{"count":10,"href":"http:\/\/intocon.fi\/index.php\/wp-json\/wp\/v2\/pages\/16\/revisions"}],"predecessor-version":[{"id":120,"href":"http:\/\/intocon.fi\/index.php\/wp-json\/wp\/v2\/pages\/16\/revisions\/120"}],"wp:attachment":[{"href":"http:\/\/intocon.fi\/index.php\/wp-json\/wp\/v2\/media?parent=16"}],"curies":[{"name":"wp","href":"https:\/\/api.w.org\/{rel}","templated":true}]}}