{"id":139,"date":"2026-04-30T06:08:23","date_gmt":"2026-04-30T03:08:23","guid":{"rendered":"http:\/\/intocon.fi\/index.php\/wp-booking-calendar-contact\/"},"modified":"2026-04-30T06:08:23","modified_gmt":"2026-04-30T03:08:23","slug":"wp-booking-calendar-contact","status":"publish","type":"page","link":"http:\/\/intocon.fi\/index.php\/wp-booking-calendar-contact\/","title":{"rendered":"Contact Form"},"content":{"rendered":" <div id=\"form_id1002556675512\" class=\"wpbc_container wpbc_form wpbc_container_booking_form \" ><form id=\"booking_form1\" class=\"booking_form vertical\" method=\"post\" action=\"\"><div id=\"ajax_respond_insert1\" class=\"ajax_respond_insert\" style=\"display:none;\"><\/div><a name=\"bklnk1\" id=\"bklnk1\"><\/a><div id=\"booking_form_div1\" class=\"booking_form_div\"><textarea id=\"date_booking1\" name=\"date_booking1\" autocomplete=\"off\" style=\"display:none;\">13.01.2981<\/textarea><div style=\"clear:both;height:10px;\"><\/div><div class=\"wpbc_bfb_form wpbc_wizard__border_container\" style=\"--wpbc-bfb-booking_form_layout_width:100%;\">\n\t<div class=\"wpbc_wizard_step wpbc__form__div wpbc_wizard_step1\">\n\t\t<div class=\"wpbc__row\">\n\t\t\t<div style=\"flex-basis: 48.5%\" class=\"wpbc__field\">\n\t\t\t\t<div class=\"bfb_element\">\n\t\t\t\t\t<label>First Name<\/label>\n\t\t\t\t\t<br><span class=\"wpbc_wrap_text wpdev-form-control-wrap firstname1\"><input type=\"text\" name=\"firstname1\" value=\"\" autocomplete=\"firstname\" class=\"firstname wpdev-validates-as-required firstname\" placeholder=\"Example: &#039;John&#039;\" size=\"40\" \/><\/span>\n\t\t\t\t\t<div class=\"wpbc_field_description\">Enter your first name.<\/div>\n\t\t\t\t<\/div>\n\t\t\t<\/div>\n\t\t\t<div style=\"flex-basis: 48.5%\" class=\"wpbc__field\">\n\t\t\t\t<div class=\"bfb_element\">\n\t\t\t\t\t<label>Last Name<\/label>\n\t\t\t\t\t<br><span class=\"wpbc_wrap_text wpdev-form-control-wrap secondname1\"><input type=\"text\" name=\"secondname1\" value=\"\" autocomplete=\"secondname\" class=\"secondname lastname wpdev-validates-as-required lastname\" placeholder=\"Example: &#039;Smith&#039;\" size=\"40\" \/><\/span>\n\t\t\t\t\t<div class=\"wpbc_field_description\">Enter your last name.<\/div>\n\t\t\t\t<\/div>\n\t\t\t<\/div>\n\t\t<\/div>\n\t\t<div class=\"wpbc__row\">\n\t\t\t<div style=\"flex-basis: 100%\" class=\"wpbc__field\">\n\t\t\t\t<div class=\"bfb_element\">\n\t\t\t\t\t<label>Email<\/label>\n\t\t\t\t\t<br><span class=\"wpbc_wrap_text wpdev-form-control-wrap email1\"><input type=\"email\" name=\"email1\" value=\"\" autocomplete=\"email\" class=\"wpdev-validates-as-email wpdev-validates-as-required\" size=\"40\" \/><\/span>\n\t\t\t\t\t<div class=\"wpbc_field_description\">Enter your email address.<\/div>\n\t\t\t\t<\/div>\n\t\t\t<\/div>\n\t\t<\/div>\n\t\t<div class=\"wpbc__row\">\n\t\t\t<div style=\"flex-basis: 100%\" class=\"wpbc__field\">\n\t\t\t\t<div class=\"bfb_element\">\n\t\t\t\t\t<label>Message<\/label>\n\t\t\t\t\t<br><span class=\"wpbc_wrap_textarea wpdev-form-control-wrap textarea1\"><textarea name=\"textarea1\" autocomplete=\"textarea\"><\/textarea><\/span>\n\t\t\t\t<\/div>\n\t\t\t<\/div>\n\t\t<\/div>\n\t\t<div class=\"wpbc__row\">\n\t\t\t<div style=\"flex-basis: 100%;--wpbc-bfb-col-ai: flex-end;--wpbc-col-min: 0px\" class=\"wpbc__field\">\n\t\t\t\t<div class=\"bfb_element\">\n\t\t\t\t\t<span class=\"wpbc_bfb__btn wpbc_bfb__btn--primary\" style=\"flex:1\"><input type=\"button\" value=\"Send\" class=\"wpbc_button_light\" onclick=\"wpbc_booking_form_submit(this.form,1, 'fi');\" \/><\/span>\n\t\t\t\t<\/div>\n\t\t\t<\/div>\n\t\t<\/div>\n\t<\/div>\n<\/div><input name=\"booking_form_type1\"  id=\"booking_form_type1\" type=\"hidden\" value=\"contact_form\"><input id=\"bk_type1\" name=\"bk_type1\" class=\"\" type=\"hidden\" value=\"1\" \/><\/div><div id=\"submiting1\"><\/div><div class=\"form_bk_messages\" id=\"form_bk_messages1\" ><\/div><input type=\"hidden\" id=\"wpbc_nonceCALCULATE_THE_COST1\" name=\"wpbc_nonceCALCULATE_THE_COST1\" value=\"cf2fef2053\" \/><input type=\"hidden\" name=\"_wp_http_referer\" value=\"\/index.php\/wp-json\/wp\/v2\/pages\/139\" \/><\/form><\/div><div id=\"booking_form_garbage1\" class=\"booking_form_garbage\"><\/div> \n","protected":false},"excerpt":{"rendered":"","protected":false},"author":0,"featured_media":0,"parent":0,"menu_order":0,"comment_status":"closed","ping_status":"closed","template":"","meta":{"_kad_post_transparent":"","_kad_post_title":"","_kad_post_layout":"","_kad_post_sidebar_id":"","_kad_post_content_style":"","_kad_post_vertical_padding":"","_kad_post_feature":"","_kad_post_feature_position":"","_kad_post_header":false,"_kad_post_footer":false,"_kad_post_classname":"","footnotes":""},"class_list":["post-139","page","type-page","status-publish","hentry"],"yoast_head":"<!-- This site is optimized with the Yoast SEO plugin v27.5 - https:\/\/yoast.com\/product\/yoast-seo-wordpress\/ -->\n<title>Contact Form - Rantatupa | Majoitusta Pyh&auml;nn&auml;ll&auml;<\/title>\n<meta name=\"robots\" content=\"index, follow, max-snippet:-1, max-image-preview:large, max-video-preview:-1\" \/>\n<link rel=\"canonical\" href=\"http:\/\/intocon.fi\/index.php\/wp-booking-calendar-contact\/\" \/>\n<meta property=\"og:locale\" content=\"fi_FI\" \/>\n<meta property=\"og:type\" content=\"article\" \/>\n<meta property=\"og:title\" content=\"Contact Form - Rantatupa | Majoitusta Pyh&auml;nn&auml;ll&auml;\" \/>\n<meta property=\"og:url\" content=\"http:\/\/intocon.fi\/index.php\/wp-booking-calendar-contact\/\" \/>\n<meta property=\"og:site_name\" content=\"Rantatupa | Majoitusta Pyh&auml;nn&auml;ll&auml;\" \/>\n<meta name=\"twitter:card\" content=\"summary_large_image\" \/>\n<script type=\"application\/ld+json\" class=\"yoast-schema-graph\">{\"@context\":\"https:\\\/\\\/schema.org\",\"@graph\":[{\"@type\":\"WebPage\",\"@id\":\"http:\\\/\\\/intocon.fi\\\/index.php\\\/wp-booking-calendar-contact\\\/\",\"url\":\"http:\\\/\\\/intocon.fi\\\/index.php\\\/wp-booking-calendar-contact\\\/\",\"name\":\"Contact Form - Rantatupa | Majoitusta Pyh&auml;nn&auml;ll&auml;\",\"isPartOf\":{\"@id\":\"https:\\\/\\\/intocon.fi\\\/#website\"},\"datePublished\":\"2026-04-30T03:08:23+00:00\",\"breadcrumb\":{\"@id\":\"http:\\\/\\\/intocon.fi\\\/index.php\\\/wp-booking-calendar-contact\\\/#breadcrumb\"},\"inLanguage\":\"fi\",\"potentialAction\":[{\"@type\":\"ReadAction\",\"target\":[\"http:\\\/\\\/intocon.fi\\\/index.php\\\/wp-booking-calendar-contact\\\/\"]}]},{\"@type\":\"BreadcrumbList\",\"@id\":\"http:\\\/\\\/intocon.fi\\\/index.php\\\/wp-booking-calendar-contact\\\/#breadcrumb\",\"itemListElement\":[{\"@type\":\"ListItem\",\"position\":1,\"name\":\"Etusivu\",\"item\":\"http:\\\/\\\/intocon.fi\\\/\"},{\"@type\":\"ListItem\",\"position\":2,\"name\":\"Contact Form\"}]},{\"@type\":\"WebSite\",\"@id\":\"https:\\\/\\\/intocon.fi\\\/#website\",\"url\":\"https:\\\/\\\/intocon.fi\\\/\",\"name\":\"Rantatupa | Majoitusta Pyh\u00e4nn\u00e4ll\u00e4\",\"description\":\"Viihtyis&auml; saunallinen yksi&ouml; j&auml;rven rannalla Pyh&auml;nn&auml;n keskustassa\",\"potentialAction\":[{\"@type\":\"SearchAction\",\"target\":{\"@type\":\"EntryPoint\",\"urlTemplate\":\"https:\\\/\\\/intocon.fi\\\/?s={search_term_string}\"},\"query-input\":{\"@type\":\"PropertyValueSpecification\",\"valueRequired\":true,\"valueName\":\"search_term_string\"}}],\"inLanguage\":\"fi\"}]}<\/script>\n<!-- \/ Yoast SEO plugin. -->","yoast_head_json":{"title":"Contact Form - Rantatupa | Majoitusta Pyh&auml;nn&auml;ll&auml;","robots":{"index":"index","follow":"follow","max-snippet":"max-snippet:-1","max-image-preview":"max-image-preview:large","max-video-preview":"max-video-preview:-1"},"canonical":"http:\/\/intocon.fi\/index.php\/wp-booking-calendar-contact\/","og_locale":"fi_FI","og_type":"article","og_title":"Contact Form - Rantatupa | Majoitusta Pyh&auml;nn&auml;ll&auml;","og_url":"http:\/\/intocon.fi\/index.php\/wp-booking-calendar-contact\/","og_site_name":"Rantatupa | Majoitusta Pyh&auml;nn&auml;ll&auml;","twitter_card":"summary_large_image","schema":{"@context":"https:\/\/schema.org","@graph":[{"@type":"WebPage","@id":"http:\/\/intocon.fi\/index.php\/wp-booking-calendar-contact\/","url":"http:\/\/intocon.fi\/index.php\/wp-booking-calendar-contact\/","name":"Contact Form - Rantatupa | Majoitusta Pyh&auml;nn&auml;ll&auml;","isPartOf":{"@id":"https:\/\/intocon.fi\/#website"},"datePublished":"2026-04-30T03:08:23+00:00","breadcrumb":{"@id":"http:\/\/intocon.fi\/index.php\/wp-booking-calendar-contact\/#breadcrumb"},"inLanguage":"fi","potentialAction":[{"@type":"ReadAction","target":["http:\/\/intocon.fi\/index.php\/wp-booking-calendar-contact\/"]}]},{"@type":"BreadcrumbList","@id":"http:\/\/intocon.fi\/index.php\/wp-booking-calendar-contact\/#breadcrumb","itemListElement":[{"@type":"ListItem","position":1,"name":"Etusivu","item":"http:\/\/intocon.fi\/"},{"@type":"ListItem","position":2,"name":"Contact Form"}]},{"@type":"WebSite","@id":"https:\/\/intocon.fi\/#website","url":"https:\/\/intocon.fi\/","name":"Rantatupa | Majoitusta Pyh\u00e4nn\u00e4ll\u00e4","description":"Viihtyis&auml; saunallinen yksi&ouml; j&auml;rven rannalla Pyh&auml;nn&auml;n keskustassa","potentialAction":[{"@type":"SearchAction","target":{"@type":"EntryPoint","urlTemplate":"https:\/\/intocon.fi\/?s={search_term_string}"},"query-input":{"@type":"PropertyValueSpecification","valueRequired":true,"valueName":"search_term_string"}}],"inLanguage":"fi"}]}},"_links":{"self":[{"href":"http:\/\/intocon.fi\/index.php\/wp-json\/wp\/v2\/pages\/139","targetHints":{"allow":["GET"]}}],"collection":[{"href":"http:\/\/intocon.fi\/index.php\/wp-json\/wp\/v2\/pages"}],"about":[{"href":"http:\/\/intocon.fi\/index.php\/wp-json\/wp\/v2\/types\/page"}],"replies":[{"embeddable":true,"href":"http:\/\/intocon.fi\/index.php\/wp-json\/wp\/v2\/comments?post=139"}],"version-history":[{"count":0,"href":"http:\/\/intocon.fi\/index.php\/wp-json\/wp\/v2\/pages\/139\/revisions"}],"wp:attachment":[{"href":"http:\/\/intocon.fi\/index.php\/wp-json\/wp\/v2\/media?parent=139"}],"curies":[{"name":"wp","href":"https:\/\/api.w.org\/{rel}","templated":true}]}}