{"id":129,"date":"2026-03-25T06:12:13","date_gmt":"2026-03-25T04:12:13","guid":{"rendered":"http:\/\/intocon.fi\/index.php\/wpbc-bfb-preview\/"},"modified":"2026-03-25T06:12:13","modified_gmt":"2026-03-25T04:12:13","slug":"wpbc-bfb-preview","status":"publish","type":"page","link":"http:\/\/intocon.fi\/index.php\/wpbc-bfb-preview\/","title":{"rendered":"Booking Form Preview"},"content":{"rendered":"","protected":false},"excerpt":{"rendered":"","protected":false},"author":0,"featured_media":0,"parent":0,"menu_order":0,"comment_status":"closed","ping_status":"closed","template":"","meta":{"_kad_post_transparent":"","_kad_post_title":"","_kad_post_layout":"","_kad_post_sidebar_id":"","_kad_post_content_style":"","_kad_post_vertical_padding":"","_kad_post_feature":"","_kad_post_feature_position":"","_kad_post_header":false,"_kad_post_footer":false,"_kad_post_classname":"","footnotes":""},"class_list":["post-129","page","type-page","status-publish","hentry"],"yoast_head":"<!-- This site is optimized with the Yoast SEO plugin v27.5 - https:\/\/yoast.com\/product\/yoast-seo-wordpress\/ -->\n<title>Booking Form Preview - Rantatupa | Majoitusta Pyh&auml;nn&auml;ll&auml;<\/title>\n<meta name=\"robots\" content=\"index, follow, max-snippet:-1, max-image-preview:large, max-video-preview:-1\" \/>\n<link rel=\"canonical\" href=\"http:\/\/intocon.fi\/index.php\/wpbc-bfb-preview\/\" \/>\n<meta property=\"og:locale\" content=\"fi_FI\" \/>\n<meta property=\"og:type\" content=\"article\" \/>\n<meta property=\"og:title\" content=\"Booking Form Preview - Rantatupa | Majoitusta Pyh&auml;nn&auml;ll&auml;\" \/>\n<meta property=\"og:url\" content=\"http:\/\/intocon.fi\/index.php\/wpbc-bfb-preview\/\" \/>\n<meta property=\"og:site_name\" content=\"Rantatupa | Majoitusta Pyh&auml;nn&auml;ll&auml;\" \/>\n<meta name=\"twitter:card\" content=\"summary_large_image\" \/>\n<script type=\"application\/ld+json\" class=\"yoast-schema-graph\">{\"@context\":\"https:\\\/\\\/schema.org\",\"@graph\":[{\"@type\":\"WebPage\",\"@id\":\"http:\\\/\\\/intocon.fi\\\/index.php\\\/wpbc-bfb-preview\\\/\",\"url\":\"http:\\\/\\\/intocon.fi\\\/index.php\\\/wpbc-bfb-preview\\\/\",\"name\":\"Booking Form Preview - Rantatupa | Majoitusta Pyh&auml;nn&auml;ll&auml;\",\"isPartOf\":{\"@id\":\"https:\\\/\\\/intocon.fi\\\/#website\"},\"datePublished\":\"2026-03-25T04:12:13+00:00\",\"breadcrumb\":{\"@id\":\"http:\\\/\\\/intocon.fi\\\/index.php\\\/wpbc-bfb-preview\\\/#breadcrumb\"},\"inLanguage\":\"fi\",\"potentialAction\":[{\"@type\":\"ReadAction\",\"target\":[\"http:\\\/\\\/intocon.fi\\\/index.php\\\/wpbc-bfb-preview\\\/\"]}]},{\"@type\":\"BreadcrumbList\",\"@id\":\"http:\\\/\\\/intocon.fi\\\/index.php\\\/wpbc-bfb-preview\\\/#breadcrumb\",\"itemListElement\":[{\"@type\":\"ListItem\",\"position\":1,\"name\":\"Etusivu\",\"item\":\"http:\\\/\\\/intocon.fi\\\/\"},{\"@type\":\"ListItem\",\"position\":2,\"name\":\"Booking Form Preview\"}]},{\"@type\":\"WebSite\",\"@id\":\"https:\\\/\\\/intocon.fi\\\/#website\",\"url\":\"https:\\\/\\\/intocon.fi\\\/\",\"name\":\"Rantatupa | Majoitusta Pyh\u00e4nn\u00e4ll\u00e4\",\"description\":\"Viihtyis&auml; saunallinen yksi&ouml; j&auml;rven rannalla Pyh&auml;nn&auml;n keskustassa\",\"potentialAction\":[{\"@type\":\"SearchAction\",\"target\":{\"@type\":\"EntryPoint\",\"urlTemplate\":\"https:\\\/\\\/intocon.fi\\\/?s={search_term_string}\"},\"query-input\":{\"@type\":\"PropertyValueSpecification\",\"valueRequired\":true,\"valueName\":\"search_term_string\"}}],\"inLanguage\":\"fi\"}]}<\/script>\n<!-- \/ Yoast SEO plugin. -->","yoast_head_json":{"title":"Booking Form Preview - Rantatupa | Majoitusta Pyh&auml;nn&auml;ll&auml;","robots":{"index":"index","follow":"follow","max-snippet":"max-snippet:-1","max-image-preview":"max-image-preview:large","max-video-preview":"max-video-preview:-1"},"canonical":"http:\/\/intocon.fi\/index.php\/wpbc-bfb-preview\/","og_locale":"fi_FI","og_type":"article","og_title":"Booking Form Preview - Rantatupa | Majoitusta Pyh&auml;nn&auml;ll&auml;","og_url":"http:\/\/intocon.fi\/index.php\/wpbc-bfb-preview\/","og_site_name":"Rantatupa | Majoitusta Pyh&auml;nn&auml;ll&auml;","twitter_card":"summary_large_image","schema":{"@context":"https:\/\/schema.org","@graph":[{"@type":"WebPage","@id":"http:\/\/intocon.fi\/index.php\/wpbc-bfb-preview\/","url":"http:\/\/intocon.fi\/index.php\/wpbc-bfb-preview\/","name":"Booking Form Preview - Rantatupa | Majoitusta Pyh&auml;nn&auml;ll&auml;","isPartOf":{"@id":"https:\/\/intocon.fi\/#website"},"datePublished":"2026-03-25T04:12:13+00:00","breadcrumb":{"@id":"http:\/\/intocon.fi\/index.php\/wpbc-bfb-preview\/#breadcrumb"},"inLanguage":"fi","potentialAction":[{"@type":"ReadAction","target":["http:\/\/intocon.fi\/index.php\/wpbc-bfb-preview\/"]}]},{"@type":"BreadcrumbList","@id":"http:\/\/intocon.fi\/index.php\/wpbc-bfb-preview\/#breadcrumb","itemListElement":[{"@type":"ListItem","position":1,"name":"Etusivu","item":"http:\/\/intocon.fi\/"},{"@type":"ListItem","position":2,"name":"Booking Form Preview"}]},{"@type":"WebSite","@id":"https:\/\/intocon.fi\/#website","url":"https:\/\/intocon.fi\/","name":"Rantatupa | Majoitusta Pyh\u00e4nn\u00e4ll\u00e4","description":"Viihtyis&auml; saunallinen yksi&ouml; j&auml;rven rannalla Pyh&auml;nn&auml;n keskustassa","potentialAction":[{"@type":"SearchAction","target":{"@type":"EntryPoint","urlTemplate":"https:\/\/intocon.fi\/?s={search_term_string}"},"query-input":{"@type":"PropertyValueSpecification","valueRequired":true,"valueName":"search_term_string"}}],"inLanguage":"fi"}]}},"_links":{"self":[{"href":"http:\/\/intocon.fi\/index.php\/wp-json\/wp\/v2\/pages\/129","targetHints":{"allow":["GET"]}}],"collection":[{"href":"http:\/\/intocon.fi\/index.php\/wp-json\/wp\/v2\/pages"}],"about":[{"href":"http:\/\/intocon.fi\/index.php\/wp-json\/wp\/v2\/types\/page"}],"replies":[{"embeddable":true,"href":"http:\/\/intocon.fi\/index.php\/wp-json\/wp\/v2\/comments?post=129"}],"version-history":[{"count":0,"href":"http:\/\/intocon.fi\/index.php\/wp-json\/wp\/v2\/pages\/129\/revisions"}],"wp:attachment":[{"href":"http:\/\/intocon.fi\/index.php\/wp-json\/wp\/v2\/media?parent=129"}],"curies":[{"name":"wp","href":"https:\/\/api.w.org\/{rel}","templated":true}]}}