{"id":10,"date":"2025-07-08T13:46:57","date_gmt":"2025-07-08T13:46:57","guid":{"rendered":"https:\/\/intocon.fi\/?page_id=10"},"modified":"2025-09-20T22:17:12","modified_gmt":"2025-09-20T19:17:12","slug":"majoitus-hinta-pyhanta","status":"publish","type":"page","link":"http:\/\/intocon.fi\/index.php\/majoitus-hinta-pyhanta\/","title":{"rendered":"Hinnasto"},"content":{"rendered":"\n<p>Rantatupa tarjoaa majoitusta Pyh\u00e4nn\u00e4n keskustassa j\u00e4rven rannalla joustavasti tarpeesi mukaan. Hinnat sis\u00e4lt\u00e4v\u00e4t majoituksen saunallisessa yksi\u00f6ss\u00e4, liinavaatteet ja loppusiivouksen.<\/p>\n\n\n\n<figure class=\"wp-block-table is-style-stripes\"><table><thead><tr><th class=\"has-text-align-center\" data-align=\"center\">Henkil\u00f6t<\/th><th class=\"has-text-align-center\" data-align=\"center\">1 y\u00f6<\/th><th class=\"has-text-align-center\" data-align=\"center\">2 y\u00f6t\u00e4<\/th><th class=\"has-text-align-center\" data-align=\"center\">3 y\u00f6t\u00e4<\/th><\/tr><\/thead><tbody><tr><td class=\"has-text-align-center\" data-align=\"center\">1 henkil\u00f6<\/td><td class=\"has-text-align-center\" data-align=\"center\">80 \u20ac<\/td><td class=\"has-text-align-center\" data-align=\"center\">155 \u20ac<\/td><td class=\"has-text-align-center\" data-align=\"center\">225 \u20ac<\/td><\/tr><tr><td class=\"has-text-align-center\" data-align=\"center\">2 henkil\u00f6\u00e4<\/td><td class=\"has-text-align-center\" data-align=\"center\">120 \u20ac<\/td><td class=\"has-text-align-center\" data-align=\"center\">235 \u20ac<\/td><td class=\"has-text-align-center\" data-align=\"center\">345 \u20ac<\/td><\/tr><\/tbody><\/table><\/figure>\n\n\n\n<p class=\"has-text-align-left\">Lis\u00e4y\u00f6t 70 \u20ac (1 henkil\u00f6) \/ 110 \u20ac (2 henkil\u00f6\u00e4).<br><br>Kysy tarvittaessa pidempien majoitusten erikoishintoja! Rantatupa on erinomainen vaihtoehto <a href=\"https:\/\/intocon.fi\/index.php\/majoitus-yrityksille\/\">yritysasiakkaille<\/a> pidempiin projekteihin tai vaihtuville ty\u00f6ntekij\u00f6ille.<br><br>Majoitus laskutetaan s\u00e4hk\u00f6postilaskuna.<\/p>\n\n\n\n<p>Tutustu Rantatupaan <a href=\"https:\/\/intocon.fi\/index.php\/kuvia\/\">kuvien<\/a> kautta ja <a href=\"https:\/\/intocon.fi\/index.php\/varaa-majoitus\/\">varaa<\/a> majoitus.<\/p>\n\n\n\n<p><em>Ohje varauskalenterin k\u00e4ytt\u00f6\u00f6n: Valitse varauskalenterista saapumisp\u00e4iv\u00e4, ei l\u00e4ht\u00f6p\u00e4iv\u00e4\u00e4.<\/em> <em>Usean y\u00f6n varauksissa valitse kaikki muut p\u00e4iv\u00e4t, paitsi l\u00e4ht\u00f6p\u00e4iv\u00e4.<\/em><\/p>\n\n\n\n <div id=\"form_id225759273144\" class=\"wpbc_container wpbc_form wpbc_container_booking_form \" ><form id=\"booking_form1\" class=\"booking_form vertical\" method=\"post\" action=\"\"><div id=\"ajax_respond_insert1\" class=\"ajax_respond_insert\" style=\"display:none;\"><\/div><a name=\"bklnk1\" id=\"bklnk1\"><\/a><div id=\"booking_form_div1\" class=\"booking_form_div\"><style type=\"text\/css\">.wpbc_container_booking_form .block_hints, .wpbc_booking_form_simple.wpbc_form_center .wpbc__form__div .wpbc__row.wpbc_r_calendar, .wpbc_booking_form_simple .wpbc__form__div .wpbc__row:not(.wpbc_r_calendar){max-width:440px;} <\/style>\n<div class=\"wpbc_booking_form_simple \">\n<div class=\"wpbc__row\">\n  <div class=\"wpbc__field\">\n    <div class=\"wpbc_calendar_wraper wpbc_change_over_triangle\"><div class=\"wpbc_cal_container bk_calendar_frame wpbc_no_custom_width  months_num_in_row_ cal_month_num_1\" style=\"\"><div id=\"calendar_booking1\"  class=\"wpbc_calendar_id_1\" >\t<div class=\"calendar_loader_frame calendar_loader_frame1\"\r\n\t\tdata-wpbc-rid=\"1\"\r\n\t\tdata-wpbc-grace=\"8000\"\r\n\t\tstyle=\"--wpbc-loader-cols: 1;\"\r\n\t>\r\n\t\t<div class=\"calendar_loader_text\">Loading...<\/div>\r\n\t\t<div class=\"calendar_loader_frame__progress_line_container\">\r\n\t\t\t<div class=\"calendar_loader_frame__progress_line\"><\/div>\r\n\t\t<\/div>\r\n\t<\/div>\r\n\t<\/div><\/div><div style=\"font-size:7px;text-align:left;margin:0 0 10px;text-shadow: none;\">Powered by <a href=\"https:\/\/wpbookingcalendar.com\" style=\"font-size:7px;\" target=\"_blank\" title=\"Booking Calendar plugin for WordPress\">Booking Calendar<\/a><\/div><textarea id=\"date_booking1\" name=\"date_booking1\" autocomplete=\"off\" style=\"display:none;\"><\/textarea><div class=\"block_hints datepick \"><div class=\"wpdev_hint_with_text\"><div class=\"\"><div class=\"datepick-inline wpbc_calendar_legend_table_width_height\"><table class=\"datepick wpbc_calendar\" style=\"\"><tbody><tr><td class=\"datepick-days-cell date_available wpbc_calendar_legend_day_cell_height\"><div class=\"wpbc-cell-box\">\t<div class=\"date-cell-content\">\t\t<div class=\"date-content-top\"><\/div>\t\t<a>01<\/a>\t\t<div class=\"date-content-bottom\"><\/div>\t<\/div><\/div><\/td><\/tr><\/tbody><\/table><\/div><\/div><div class=\"block_text\">- <\/div><div class=\"block_text\">Vapaa<\/div><\/div><div class=\"wpdev_hint_with_text\"><div class=\"\"><div class=\"datepick-inline wpbc_calendar_legend_table_width_height\"><table class=\"datepick wpbc_calendar\" style=\"\"><tbody><tr><td class=\"datepick-days-cell datepick-unselectable date_user_unavailable full_day_booking date_approved wpbc_calendar_legend_day_cell_height\"><div class=\"wpbc-cell-box\">\t<div class=\"date-cell-content\">\t\t<div class=\"date-content-top\"><\/div>\t\t<span>01<\/span>\t\t<div class=\"date-content-bottom\"><\/div>\t<\/div><\/div><\/td><\/tr><\/tbody><\/table><\/div><\/div><div class=\"block_text\">- <\/div><div class=\"block_text\">Varattu<\/div><\/div><div class=\"wpdev_hint_with_text\"><div class=\"\"><div class=\"datepick-inline wpbc_calendar_legend_table_width_height\"><table class=\"datepick wpbc_calendar\" style=\"\"><tbody><tr><td class=\"datepick-days-cell datepick-unselectable date_user_unavailable full_day_booking date2approve wpbc_calendar_legend_day_cell_height\"><div class=\"wpbc-cell-box\">\t<div class=\"date-cell-content\">\t\t<div class=\"date-content-top\"><\/div>\t\t<span>01<\/span>\t\t<div class=\"date-content-bottom\"><\/div>\t<\/div><\/div><\/td><\/tr><\/tbody><\/table><\/div><\/div><div class=\"block_text\">- <\/div><div class=\"block_text\">Avoin<\/div><\/div><\/div><\/div>\n  <\/div>\n  <div class=\"wpbc__field\">\n<div class=\"wpbc__form__div\">\n\t\t\t<div class=\"wpbc__row\">\n\t\t\t\t<div class=\"wpbc_r_name wpbc__field\"> <label>Majoittuja 1 (etu- ja sukunimi)*<\/label><br><span class=\"wpbc_wrap_text wpdev-form-control-wrap name1\"><input type=\"text\" name=\"name1\" value=\"\" autocomplete=\"name\" class=\"wpdev-validates-as-required\" size=\"40\" \/><\/span> <\/div>\n\t\t\t<\/div>\n\t\t\t<div class=\"wpbc__row\">\n\t\t\t\t<div class=\"wpbc_r_secondname wpbc__field\"> <label>Majoittuja 2 (etu- ja sukunimi)<\/label><br><span class=\"wpbc_wrap_text wpdev-form-control-wrap secondname1\"><input type=\"text\" name=\"secondname1\" value=\"\" autocomplete=\"secondname\" size=\"40\" \/><\/span> <\/div>\n\t\t\t<\/div>\n\t\t\t<div class=\"wpbc__row\">\n\t\t\t\t<div class=\"wpbc_r_maksajayrityksennimijosyritysasiakas wpbc__field\"> <label>Maksajan nimi (jos eri kuin 1. majoittuja)<\/label><br><span class=\"wpbc_wrap_text wpdev-form-control-wrap maksajayrityksennimijosyritysasiakas1\"><input type=\"text\" name=\"maksajayrityksennimijosyritysasiakas1\" value=\"\" autocomplete=\"maksajayrityksennimijosyritysasiakas\" size=\"40\" \/><\/span> <\/div>\n\t\t\t<\/div>\n\t\t\t<div class=\"wpbc__row\">\n\t\t\t\t<div class=\"wpbc_r_laskutusosoiteosoitepostinumeropostitoimipaikka wpbc__field\"> <label>Laskutusosoite (osoite, postinumero, postitoimipaikka)*<\/label><br><span class=\"wpbc_wrap_text wpdev-form-control-wrap laskutusosoiteosoitepostinumeropostitoimipaikka1\"><input type=\"text\" name=\"laskutusosoiteosoitepostinumeropostitoimipaikka1\" value=\"\" autocomplete=\"laskutusosoiteosoitepostinumeropostitoimipaikka\" class=\"wpdev-validates-as-required\" size=\"40\" \/><\/span> <\/div>\n\t\t\t<\/div>\n\t\t\t<div class=\"wpbc__row\">\n\t\t\t\t<div class=\"wpbc_r_email wpbc__field\"> <label>S\u00e4hk\u00f6posti*<\/label><br><span class=\"wpbc_wrap_text wpdev-form-control-wrap email1\"><input type=\"email\" name=\"email1\" value=\"\" autocomplete=\"email\" class=\"wpdev-validates-as-email wpdev-validates-as-required\" size=\"40\" \/><\/span> <\/div>\n\t\t\t<\/div>\n\t\t\t<div class=\"wpbc__row\">\n\t\t\t\t<div class=\"wpbc_r_phone wpbc__field\"> <label>Puhelinnumero*<\/label><br><span class=\"wpbc_wrap_text wpdev-form-control-wrap phone1\"><input type=\"text\" name=\"phone1\" value=\"\" autocomplete=\"phone\" class=\"wpdev-validates-as-required\" size=\"40\" \/><\/span> <\/div>\n\t\t\t<\/div>\n\t\t\t<div class=\"wpbc__row\">\n\t\t\t\t<div class=\"wpbc_r_details wpbc__field\"> <label>Toiveet, huomiot, saapumisaika<\/label><br><span class=\"wpbc_wrap_textarea wpdev-form-control-wrap details1\"><textarea name=\"details1\" autocomplete=\"details\"><\/textarea><\/span> <\/div>\n\t\t\t<\/div>\n\t\t\t<div class=\"wpbc__row\">\n\t\t\t\t<div class=\"wpbc_r_submit wpbc__field\"><input type=\"button\" value=\"L\u00e4het\u00e4\" class=\"wpbc_button_light  btn btn\" onclick=\"wpbc_booking_form_submit(this.form,1, 'fi');\" \/> <\/div>\n\t\t\t<\/div>\n<\/div>\n\t<\/div>\n\t<\/div>\n<\/div><input id=\"bk_type1\" name=\"bk_type1\" class=\"\" type=\"hidden\" value=\"1\" \/><\/div><div id=\"submiting1\"><\/div><div class=\"form_bk_messages\" id=\"form_bk_messages1\" ><\/div><input type=\"hidden\" id=\"wpbc_nonceCALCULATE_THE_COST1\" name=\"wpbc_nonceCALCULATE_THE_COST1\" value=\"609471f426\" \/><input type=\"hidden\" name=\"_wp_http_referer\" value=\"\/index.php\/wp-json\/wp\/v2\/pages\/10\" \/><\/form><\/div><div id=\"booking_form_garbage1\" class=\"booking_form_garbage\"><\/div> \n","protected":false},"excerpt":{"rendered":"<p>Rantatupa tarjoaa majoitusta Pyh\u00e4nn\u00e4n keskustassa j\u00e4rven rannalla joustavasti tarpeesi mukaan. Hinnat sis\u00e4lt\u00e4v\u00e4t majoituksen saunallisessa yksi\u00f6ss\u00e4, liinavaatteet ja loppusiivouksen. Henkil\u00f6t 1 y\u00f6 2 y\u00f6t\u00e4 3 y\u00f6t\u00e4 1 henkil\u00f6 80 \u20ac 155 \u20ac 225 \u20ac 2 henkil\u00f6\u00e4 120 \u20ac 235 \u20ac 345 \u20ac Lis\u00e4y\u00f6t 70 \u20ac (1 henkil\u00f6) \/ 110 \u20ac (2 henkil\u00f6\u00e4). Kysy tarvittaessa pidempien majoitusten&#8230;<\/p>\n","protected":false},"author":1,"featured_media":0,"parent":0,"menu_order":0,"comment_status":"closed","ping_status":"closed","template":"","meta":{"_kad_post_transparent":"","_kad_post_title":"","_kad_post_layout":"","_kad_post_sidebar_id":"","_kad_post_content_style":"","_kad_post_vertical_padding":"","_kad_post_feature":"","_kad_post_feature_position":"","_kad_post_header":false,"_kad_post_footer":false,"_kad_post_classname":"","footnotes":""},"class_list":["post-10","page","type-page","status-publish","hentry"],"yoast_head":"<!-- This site is optimized with the Yoast SEO plugin v27.5 - https:\/\/yoast.com\/product\/yoast-seo-wordpress\/ -->\n<title>Hinnasto - Rantatupa | Majoitusta Pyh&auml;nn&auml;ll&auml;<\/title>\n<meta name=\"description\" content=\"Edulliset majoitushinnat Pyh\u00e4nn\u00e4ll\u00e4. Hinnat sis\u00e4lt\u00e4v\u00e4t liinavaatteet ja loppusiivouksen. Kysy erikoishintoja pidempii varauksiin.\" \/>\n<meta name=\"robots\" content=\"index, follow, max-snippet:-1, max-image-preview:large, max-video-preview:-1\" \/>\n<link rel=\"canonical\" href=\"http:\/\/intocon.fi\/index.php\/majoitus-hinta-pyhanta\/\" \/>\n<meta property=\"og:locale\" content=\"fi_FI\" \/>\n<meta property=\"og:type\" content=\"article\" \/>\n<meta property=\"og:title\" content=\"Hinnasto - Rantatupa | Majoitusta Pyh&auml;nn&auml;ll&auml;\" \/>\n<meta property=\"og:description\" content=\"Edulliset majoitushinnat Pyh\u00e4nn\u00e4ll\u00e4. Hinnat sis\u00e4lt\u00e4v\u00e4t liinavaatteet ja loppusiivouksen. Kysy erikoishintoja pidempii varauksiin.\" \/>\n<meta property=\"og:url\" content=\"http:\/\/intocon.fi\/index.php\/majoitus-hinta-pyhanta\/\" \/>\n<meta property=\"og:site_name\" content=\"Rantatupa | Majoitusta Pyh&auml;nn&auml;ll&auml;\" \/>\n<meta property=\"article:modified_time\" content=\"2025-09-20T19:17:12+00:00\" \/>\n<meta name=\"twitter:card\" content=\"summary_large_image\" \/>\n<meta name=\"twitter:label1\" content=\"Arvioitu lukuaika\" \/>\n\t<meta name=\"twitter:data1\" content=\"1 minuutti\" \/>\n<script type=\"application\/ld+json\" class=\"yoast-schema-graph\">{\"@context\":\"https:\\\/\\\/schema.org\",\"@graph\":[{\"@type\":\"WebPage\",\"@id\":\"http:\\\/\\\/intocon.fi\\\/index.php\\\/majoitus-hinta-pyhanta\\\/\",\"url\":\"http:\\\/\\\/intocon.fi\\\/index.php\\\/majoitus-hinta-pyhanta\\\/\",\"name\":\"Hinnasto - Rantatupa | Majoitusta Pyh&auml;nn&auml;ll&auml;\",\"isPartOf\":{\"@id\":\"https:\\\/\\\/intocon.fi\\\/#website\"},\"datePublished\":\"2025-07-08T13:46:57+00:00\",\"dateModified\":\"2025-09-20T19:17:12+00:00\",\"description\":\"Edulliset majoitushinnat Pyh\u00e4nn\u00e4ll\u00e4. Hinnat sis\u00e4lt\u00e4v\u00e4t liinavaatteet ja loppusiivouksen. Kysy erikoishintoja pidempii varauksiin.\",\"breadcrumb\":{\"@id\":\"http:\\\/\\\/intocon.fi\\\/index.php\\\/majoitus-hinta-pyhanta\\\/#breadcrumb\"},\"inLanguage\":\"fi\",\"potentialAction\":[{\"@type\":\"ReadAction\",\"target\":[\"http:\\\/\\\/intocon.fi\\\/index.php\\\/majoitus-hinta-pyhanta\\\/\"]}]},{\"@type\":\"BreadcrumbList\",\"@id\":\"http:\\\/\\\/intocon.fi\\\/index.php\\\/majoitus-hinta-pyhanta\\\/#breadcrumb\",\"itemListElement\":[{\"@type\":\"ListItem\",\"position\":1,\"name\":\"Etusivu\",\"item\":\"http:\\\/\\\/intocon.fi\\\/\"},{\"@type\":\"ListItem\",\"position\":2,\"name\":\"Hinnasto\"}]},{\"@type\":\"WebSite\",\"@id\":\"https:\\\/\\\/intocon.fi\\\/#website\",\"url\":\"https:\\\/\\\/intocon.fi\\\/\",\"name\":\"Rantatupa | Majoitusta Pyh\u00e4nn\u00e4ll\u00e4\",\"description\":\"Viihtyis&auml; saunallinen yksi&ouml; j&auml;rven rannalla Pyh&auml;nn&auml;n keskustassa\",\"potentialAction\":[{\"@type\":\"SearchAction\",\"target\":{\"@type\":\"EntryPoint\",\"urlTemplate\":\"https:\\\/\\\/intocon.fi\\\/?s={search_term_string}\"},\"query-input\":{\"@type\":\"PropertyValueSpecification\",\"valueRequired\":true,\"valueName\":\"search_term_string\"}}],\"inLanguage\":\"fi\"}]}<\/script>\n<!-- \/ Yoast SEO plugin. -->","yoast_head_json":{"title":"Hinnasto - Rantatupa | Majoitusta Pyh&auml;nn&auml;ll&auml;","description":"Edulliset majoitushinnat Pyh\u00e4nn\u00e4ll\u00e4. Hinnat sis\u00e4lt\u00e4v\u00e4t liinavaatteet ja loppusiivouksen. Kysy erikoishintoja pidempii varauksiin.","robots":{"index":"index","follow":"follow","max-snippet":"max-snippet:-1","max-image-preview":"max-image-preview:large","max-video-preview":"max-video-preview:-1"},"canonical":"http:\/\/intocon.fi\/index.php\/majoitus-hinta-pyhanta\/","og_locale":"fi_FI","og_type":"article","og_title":"Hinnasto - Rantatupa | Majoitusta Pyh&auml;nn&auml;ll&auml;","og_description":"Edulliset majoitushinnat Pyh\u00e4nn\u00e4ll\u00e4. Hinnat sis\u00e4lt\u00e4v\u00e4t liinavaatteet ja loppusiivouksen. Kysy erikoishintoja pidempii varauksiin.","og_url":"http:\/\/intocon.fi\/index.php\/majoitus-hinta-pyhanta\/","og_site_name":"Rantatupa | Majoitusta Pyh&auml;nn&auml;ll&auml;","article_modified_time":"2025-09-20T19:17:12+00:00","twitter_card":"summary_large_image","twitter_misc":{"Arvioitu lukuaika":"1 minuutti"},"schema":{"@context":"https:\/\/schema.org","@graph":[{"@type":"WebPage","@id":"http:\/\/intocon.fi\/index.php\/majoitus-hinta-pyhanta\/","url":"http:\/\/intocon.fi\/index.php\/majoitus-hinta-pyhanta\/","name":"Hinnasto - Rantatupa | Majoitusta Pyh&auml;nn&auml;ll&auml;","isPartOf":{"@id":"https:\/\/intocon.fi\/#website"},"datePublished":"2025-07-08T13:46:57+00:00","dateModified":"2025-09-20T19:17:12+00:00","description":"Edulliset majoitushinnat Pyh\u00e4nn\u00e4ll\u00e4. Hinnat sis\u00e4lt\u00e4v\u00e4t liinavaatteet ja loppusiivouksen. Kysy erikoishintoja pidempii varauksiin.","breadcrumb":{"@id":"http:\/\/intocon.fi\/index.php\/majoitus-hinta-pyhanta\/#breadcrumb"},"inLanguage":"fi","potentialAction":[{"@type":"ReadAction","target":["http:\/\/intocon.fi\/index.php\/majoitus-hinta-pyhanta\/"]}]},{"@type":"BreadcrumbList","@id":"http:\/\/intocon.fi\/index.php\/majoitus-hinta-pyhanta\/#breadcrumb","itemListElement":[{"@type":"ListItem","position":1,"name":"Etusivu","item":"http:\/\/intocon.fi\/"},{"@type":"ListItem","position":2,"name":"Hinnasto"}]},{"@type":"WebSite","@id":"https:\/\/intocon.fi\/#website","url":"https:\/\/intocon.fi\/","name":"Rantatupa | Majoitusta Pyh\u00e4nn\u00e4ll\u00e4","description":"Viihtyis&auml; saunallinen yksi&ouml; j&auml;rven rannalla Pyh&auml;nn&auml;n keskustassa","potentialAction":[{"@type":"SearchAction","target":{"@type":"EntryPoint","urlTemplate":"https:\/\/intocon.fi\/?s={search_term_string}"},"query-input":{"@type":"PropertyValueSpecification","valueRequired":true,"valueName":"search_term_string"}}],"inLanguage":"fi"}]}},"_links":{"self":[{"href":"http:\/\/intocon.fi\/index.php\/wp-json\/wp\/v2\/pages\/10","targetHints":{"allow":["GET"]}}],"collection":[{"href":"http:\/\/intocon.fi\/index.php\/wp-json\/wp\/v2\/pages"}],"about":[{"href":"http:\/\/intocon.fi\/index.php\/wp-json\/wp\/v2\/types\/page"}],"author":[{"embeddable":true,"href":"http:\/\/intocon.fi\/index.php\/wp-json\/wp\/v2\/users\/1"}],"replies":[{"embeddable":true,"href":"http:\/\/intocon.fi\/index.php\/wp-json\/wp\/v2\/comments?post=10"}],"version-history":[{"count":8,"href":"http:\/\/intocon.fi\/index.php\/wp-json\/wp\/v2\/pages\/10\/revisions"}],"predecessor-version":[{"id":110,"href":"http:\/\/intocon.fi\/index.php\/wp-json\/wp\/v2\/pages\/10\/revisions\/110"}],"wp:attachment":[{"href":"http:\/\/intocon.fi\/index.php\/wp-json\/wp\/v2\/media?parent=10"}],"curies":[{"name":"wp","href":"https:\/\/api.w.org\/{rel}","templated":true}]}}